{"id":2477,"date":"2019-03-25T11:39:20","date_gmt":"2019-03-25T10:39:20","guid":{"rendered":"http:\/\/www.laconchigliacavoli.it\/hotel\/"},"modified":"2022-06-21T15:17:29","modified_gmt":"2022-06-21T13:17:29","slug":"hotel","status":"publish","type":"page","link":"https:\/\/www.laconchigliacavoli.it\/de\/hotel\/","title":{"rendered":"Hotel"},"content":{"rendered":"<div class=\"wpb-content-wrapper\"><p>[vc_row][vc_column]\t\t\t<div\r\n\t\t\t\tclass=\"main_title  text-left  \">\r\n\t\t\t\t<h2 class=\"title\">B&amp;B a Cavoli<\/h2>\r\n\t\t\t\t\t\t\t<\/div>\r\n\t\t[vc_column_text]Das Hotel bietet eine <strong>Bed &amp; Breakfast-Unterkunft<\/strong> und hat 9 Zimmer mit allem Komfort: privates Badezimmer mit Dusche, Telefon, Mini-K\u00fchlschrank (leer), TV, Klimaanlage und kostenlosem WLAN.<\/p>\n<p>Unser B&amp;B hat auch einen privaten Parkplatz f\u00fcr G\u00e4ste. Wir akzeptieren kleine Haustiere.<\/p>\n<p>Beim Mittagessen 10% Rabatt in unserem Il Convio &#8222;La Cucina&#8220; Self-Service.[\/vc_column_text][\/vc_column][\/vc_row][vc_row][vc_column][vc_gallery type=&#8220;image_grid&#8220; images=&#8220;2685,2688,2691,2694,2697,2700,2703,2706,2709,2715,2718,2721,2806,2810,2813,2816&#8243; img_size=&#8220;290&#215;200&#8243;][\/vc_column][\/vc_row][vc_row css=&#8220;.vc_custom_1553524509955{padding-bottom: 50px !important;}&#8220;][vc_column][vc_column_text]<\/p>\n<h3>Vereinbarung<\/h3>\n<p>Wir sind mit Badeanstalten am Strand von Cavoli verbunden (Rabatt 10%):<\/p>\n<ul>\n<li>Cavoli 2000: tel. 339.7789628<\/li>\n<li>Bahia: tel. 349.6684762<\/li>\n<\/ul>\n<p>[\/vc_column_text][\/vc_column][\/vc_row][vc_row][vc_column]\r\n        \r\n        <style>\r\n\t\t\t\t#btn-container-HnGI8 {\r\n\t\t\t\t\tfont-size: 20px;\r\n\t\t\t\t\tfont-weight: bold;\r\n\t\t\t\t}\r\n        #btn-HnGI8 {\r\n        \tbackground: #ffffff;\r\n\t\t\t\t\tborder-style: solid;\r\n        \tborder-color: #deb668;\r\n\t\t\t\t\tborder-width: 2px;\r\n        \tcolor: #deb668;\r\n\t\t\t\t\tpadding: 10px 25px;\r\n\t\t\t\t\tborder-radius: 2px;\r\n\t\t\t\t\tfont-size: 20px;\r\n\t\t\t\t\tline-height: 20px;\r\n\t\t\t\t\t\t\t\t\t\twidth: 100%;\r\n\t\t\t\t\t\t\t\t\t\t\t\t\t\t\tfont-weight: bold;\r\n        }\r\n\r\n\t\t\t\t#btn-HnGI8:hover {\r\n\t\t\t\t\tbackground: #deb668;\r\n\t\t\t\t\tborder-color: #deb668;\r\n\t\t\t\t\tcolor: #ffffff;\r\n\t\t\t\t\t\t\t\t\t\tbox-shadow: 0 15px 30px rgba(0, 0, 0, 0.10);\r\n\t\t\t\t\t\t\t\t\t\t\t\t\t\t\t\t\t\t\t\t-ms-transform: translateY(-2px);\r\n\t\t\t\t\ttransform: translateY(-2px);\r\n\t\t\t\t\t-webkit-transform: translateY(-2px);\r\n\t\t\t\t\t\r\n\t\t\t\t}\r\n\r\n\t\t    #btn-HnGI8 i {\r\n\t\t\t\t\tright: 14px;\r\n\t\t\t\t\tmargin-top: 0;\r\n\t\t\t\t\tvertical-align: middle;\r\n\t\t\t\t\tborder-radius: 50%;\r\n\t\t\t\t\tline-height: 20px;\r\n\t\t\t\t\theight: 20px;\r\n\t\t\t\t\twidth: 20px;\r\n\t\t\t\t\tbackground: #deb668;\r\n\t\t\t\t\tmargin-left: 8px;\r\n\t\t\t\t\tmargin-right: 0;\r\n\t\t\t\t\tcolor: #ffffff;\r\n\t\t\t\t\tfont-size: 8px;\r\n\t\t\t\t\ttext-align: center;\r\n\t\t\t\t}\r\n\r\n\t\t\t\t #btn-HnGI8:hover i {\r\n\t\t\t\t \tbackground: #ffffff;\r\n\t\t\t\t\tcolor: #deb668;\r\n\t\t\t\t }\r\n\r\n        <\/style>\r\n\r\n\t\t<!-- BUTTON -->\r\n        <div id=\"btn-container-HnGI8\" class=\"text-center\">\r\n\t\t\t\r\n\t\t\t\t\t<a href=\"https:\/\/smartbooking.hotelnet.biz\/home\/main?hotel=8665&#038;channel=0000&#038;lingua=DE\" id=\"btn-HnGI8\" class=\"btn \" target=\"_blank\">\r\n\t\t\t\t\t\tBUCHE ONLINE\t\t\t\t\t\t\t\t\t\t\t\t<i class=\"fa fa-chevron-right\"><\/i>\r\n\t\t\t\t\t\t\t\t\t\t\t<\/a>\r\n\t\t\t\t\t        <\/div>\r\n\r\n        [\/vc_column][\/vc_row]<\/p>\n<\/div>","protected":false},"excerpt":{"rendered":"<p>[vc_row][vc_column][vc_column_text]Das Hotel bietet eine Bed &amp; Breakfast-Unterkunft und hat 9 Zimmer mit allem Komfort: privates Badezimmer mit Dusche, Telefon, Mini-K\u00fchlschrank (leer), TV, Klimaanlage und kostenlosem WLAN. Unser B&amp;B hat auch einen privaten Parkplatz f\u00fcr G\u00e4ste. Wir akzeptieren kleine Haustiere. Beim Mittagessen 10% Rabatt in unserem Il Convio &#8222;La Cucina&#8220; Self-Service.[\/vc_column_text][\/vc_column][\/vc_row][vc_row][vc_column][vc_gallery type=&#8220;image_grid&#8220; images=&#8220;2685,2688,2691,2694,2697,2700,2703,2706,2709,2715,2718,2721,2806,2810,2813,2816&#8243; img_size=&#8220;290&#215;200&#8243;][\/vc_column][\/vc_row][vc_row css=&#8220;.vc_custom_1553524509955{padding-bottom: 50px [&hellip;]<\/p>\n","protected":false},"author":1,"featured_media":0,"parent":0,"menu_order":0,"comment_status":"closed","ping_status":"closed","template":"","meta":{"footnotes":""},"class_list":["post-2477","page","type-page","status-publish","hentry"],"_links":{"self":[{"href":"https:\/\/www.laconchigliacavoli.it\/de\/wp-json\/wp\/v2\/pages\/2477","targetHints":{"allow":["GET"]}}],"collection":[{"href":"https:\/\/www.laconchigliacavoli.it\/de\/wp-json\/wp\/v2\/pages"}],"about":[{"href":"https:\/\/www.laconchigliacavoli.it\/de\/wp-json\/wp\/v2\/types\/page"}],"author":[{"embeddable":true,"href":"https:\/\/www.laconchigliacavoli.it\/de\/wp-json\/wp\/v2\/users\/1"}],"replies":[{"embeddable":true,"href":"https:\/\/www.laconchigliacavoli.it\/de\/wp-json\/wp\/v2\/comments?post=2477"}],"version-history":[{"count":5,"href":"https:\/\/www.laconchigliacavoli.it\/de\/wp-json\/wp\/v2\/pages\/2477\/revisions"}],"predecessor-version":[{"id":2847,"href":"https:\/\/www.laconchigliacavoli.it\/de\/wp-json\/wp\/v2\/pages\/2477\/revisions\/2847"}],"wp:attachment":[{"href":"https:\/\/www.laconchigliacavoli.it\/de\/wp-json\/wp\/v2\/media?parent=2477"}],"curies":[{"name":"wp","href":"https:\/\/api.w.org\/{rel}","templated":true}]}}