{"id":2492,"date":"2019-03-18T09:28:01","date_gmt":"2019-03-18T08:28:01","guid":{"rendered":"http:\/\/www.laconchigliacavoli.it\/isola-delba\/"},"modified":"2019-03-28T11:20:54","modified_gmt":"2019-03-28T10:20:54","slug":"insel-elba","status":"publish","type":"page","link":"https:\/\/www.laconchigliacavoli.it\/de\/insel-elba\/","title":{"rendered":"Insel Elba"},"content":{"rendered":"<div class=\"wpb-content-wrapper\"><p>[vc_row css=&#8220;.vc_custom_1552898348680{padding-bottom: 0px !important;}&#8220;][vc_column width=&#8220;1\/2&#8243;][vc_column_text]Die Legende will, dass Insel Elba aus einer Perlenkette enstanden ist die dem Gott der Sch\u00f6nheit und der Liebe, Venus, vom Hals ins thyrrenische Meer gefallen ist.<br \/>\nDiese &#8222;nette&#8220; Legende enth\u00e4lt ein wenig Wahrheit da man ohne Zweifel sagen kann das die Inseln des Archipels ein St\u00fcck Paradis sind.<\/p>\n<p>Es gibt wenige andere Urlaubsorte die eine solche Vielfalt von Angeboten auf einem so kleinen St\u00fcck Erde konzentrieren: die Unterwasserwelt &#8211; ein wahres Paradis f\u00fcr Taucher, die Berge mit ihren jahrhunderte alten W\u00e4ldern, die Str\u00e4nde und kleinen Buchten umgeben von der Mittelmeer-Macchia, die kleinen Bergd\u00f6rfer die noch heute in einem Dornr\u00f6schenschlaf schlummern.<\/p>\n<p>Jeder Besucher kann hier auf dieser Insel seine ganz individuellen Ferien gestalten: den Lieblingsport aus\u00fcben, sich ganz einfach von der Sonne braten lassen oder auf die Erkundung des Toskanischen Archipels gehen, um Geschichte, Kultur und Gastronomie zu entdecken. [\/vc_column_text][\/vc_column][vc_column width=&#8220;1\/2&#8243;][vc_single_image image=&#8220;1987&#8243; img_size=&#8220;large&#8220;][\/vc_column][\/vc_row][vc_row css=&#8220;.vc_custom_1552898456015{padding-top: 50px !important;padding-bottom: 0px !important;}&#8220;][vc_column width=&#8220;1\/2&#8243;][vc_single_image image=&#8220;1989&#8243; img_size=&#8220;full&#8220;][\/vc_column][vc_column width=&#8220;1\/2&#8243;][vc_column_text]Elba ist nur 10 Km vom italienischen Kontinent entfernt, hat eine Oberfl\u00e4che von 224 Qkm, ist die gr\u00f6sste Insel des Toskanischen Archipels und die drittgr\u00f6sste Insel Italiens. Seit einigen Jahren geh\u00f6rt sie zum Nationalpark des Toskanischen Archipels wie auch Pianosa, Capraia, Montecristo, Giglio und Giannutri.<\/p>\n<p>Das Klima der Insel Elba ist ganz besonders mild mit seinen j\u00e4hrlichen Durchschnittstemperaturen zwischen 15\u00b0 und 16\u00b0. Die Mittelwerte der verschiedenen Jahreszeiten sind: Winter 10\u00b0, Fr\u00fchling 14\u00b0, Sommer 23\u00b0 und Herbst 17\u00b0. Die Wassertemperatur pro Monat ist: April 19\u00b0, Mai 20\u00b0.2, Juni 24\u00b0.1, Juli 26\u00b0.8, August 27\u00b0.3, September 25\u00b0.5 und Oktober 23\u00b0.1.<\/p>\n<p>Die Insel Elba mit ihren 147 Km K\u00fcstenlinie ist weltweit bekannt f\u00fcr die Sch\u00f6nheit und Verschiedenheit ihrer Buchten, die wunderbaren Str\u00e4nde und die Faszination der Monte Capanne Berggruppe (1019 Meter).<\/p>\n<p>Die Hauptstrassen (160 km) sind alle asphaltiert und ausserdem gibt es noch ein Netz von Panoramastrassen von ungef. 80 Km. L\u00e4nge. [\/vc_column_text][\/vc_column][\/vc_row][vc_row css=&#8220;.vc_custom_1552898464485{padding-top: 50px !important;padding-bottom: 80px !important;}&#8220;][vc_column width=&#8220;1\/2&#8243;][vc_column_text]Die Insel Elba ist schon seit der Steinzeit bewohnt und wohl bekannt f\u00fcr ihre Eisenerzminen. Von den Liguriern wurde sie &#8222;Ilva&#8220; genannt, von den Griechen &#8222;Aethalia&#8220;. Zuerst unter ligurischer Herrschaft, dann griechischer und etruskischer, war sie f\u00fcr lange Zeit ein r\u00f6mischer Bastion. Im Mittelalter wird sie den Pisanern zugeteilt dann denn Appianern und schliesslich den Medicis. Aber auch andere europ\u00e4ische Zivilisationen haben auf Elbe Spuren hinterlassen.<\/p>\n<p>Es waren vor allen Dingen die Medicis die in Portoferraio (zu Ehren von Cosimo dei Medici hiess Portoferraio zu dieser Zeit Cosmopoli) ihre Spuren hinterliessen sowie die Spanier die in Porto Azzurro die Festungen von S. Giacomo und Focardo erbauten.<\/p>\n<p>Die kurze Regierungszeit von Napoleon (1814-1815, 9 Monate und 23 Tage) hat die Insel ganz besonders gepr\u00e4gt: die Villen dei Mulini und San Martino, die alten Kirchen von Portoferraio, die Madonna del Monte in Marciana Alta sowie auch in anderen D\u00f6rfern.<\/p>\n<p>Die Insel ist heute in 8 Gemeinden aufgeteilt: Portoferraio, Campo nell&#8216;, Capoliveri, Marciana, Marciana Marina, Porto Azzurro, Rio Marina und Rio nell&#8216;.<\/p>\n<p>Die guten Weine, die wunderbare K\u00fcche, das saubere und unber\u00fchrte Meer, das Klima und die gute Luft machen aus einen idealen Kur- und Urlaubsort zu jeder Jahreszeit. [\/vc_column_text][\/vc_column][vc_column width=&#8220;1\/2&#8243;][vc_single_image image=&#8220;1990&#8243; img_size=&#8220;full&#8220;][\/vc_column][\/vc_row]<\/p>\n<\/div>","protected":false},"excerpt":{"rendered":"<p>[vc_row css=&#8220;.vc_custom_1552898348680{padding-bottom: 0px !important;}&#8220;][vc_column width=&#8220;1\/2&#8243;][vc_column_text]Die Legende will, dass Insel Elba aus einer Perlenkette enstanden ist die dem Gott der Sch\u00f6nheit und der Liebe, Venus, vom Hals ins thyrrenische Meer gefallen ist. Diese &#8222;nette&#8220; Legende enth\u00e4lt ein wenig Wahrheit da man ohne Zweifel sagen kann das die Inseln des Archipels ein St\u00fcck Paradis sind. Es gibt [&hellip;]<\/p>\n","protected":false},"author":1,"featured_media":0,"parent":0,"menu_order":0,"comment_status":"closed","ping_status":"closed","template":"","meta":{"footnotes":""},"class_list":["post-2492","page","type-page","status-publish","hentry"],"_links":{"self":[{"href":"https:\/\/www.laconchigliacavoli.it\/de\/wp-json\/wp\/v2\/pages\/2492","targetHints":{"allow":["GET"]}}],"collection":[{"href":"https:\/\/www.laconchigliacavoli.it\/de\/wp-json\/wp\/v2\/pages"}],"about":[{"href":"https:\/\/www.laconchigliacavoli.it\/de\/wp-json\/wp\/v2\/types\/page"}],"author":[{"embeddable":true,"href":"https:\/\/www.laconchigliacavoli.it\/de\/wp-json\/wp\/v2\/users\/1"}],"replies":[{"embeddable":true,"href":"https:\/\/www.laconchigliacavoli.it\/de\/wp-json\/wp\/v2\/comments?post=2492"}],"version-history":[{"count":2,"href":"https:\/\/www.laconchigliacavoli.it\/de\/wp-json\/wp\/v2\/pages\/2492\/revisions"}],"predecessor-version":[{"id":2494,"href":"https:\/\/www.laconchigliacavoli.it\/de\/wp-json\/wp\/v2\/pages\/2492\/revisions\/2494"}],"wp:attachment":[{"href":"https:\/\/www.laconchigliacavoli.it\/de\/wp-json\/wp\/v2\/media?parent=2492"}],"curies":[{"name":"wp","href":"https:\/\/api.w.org\/{rel}","templated":true}]}}