{"id":2503,"date":"2019-03-25T15:20:39","date_gmt":"2019-03-25T14:20:39","guid":{"rendered":"http:\/\/www.laconchigliacavoli.it\/come-raggiungerci\/"},"modified":"2021-05-25T14:38:55","modified_gmt":"2021-05-25T12:38:55","slug":"wo-wir-sind","status":"publish","type":"page","link":"https:\/\/www.laconchigliacavoli.it\/de\/wo-wir-sind\/","title":{"rendered":"Wo wir sind"},"content":{"rendered":"<div class=\"wpb-content-wrapper\"><p>[vc_row][vc_column width=&#8220;1\/2&#8243;][vc_column_text]Unser Hotel La Conchiglia befindet sich an der s\u00fcd-westlichen Seite der Insel Elba, an der herrlichen K\u00fcste die auch &#8218;Costa del Sole&#8216; genannt wird.<\/p>\n<p>Einmal mit der F\u00e4hre in Portoferraio angekommen, folgen Sie einfach der Richtung Procchio und dann Marina di Campo. Ab Marina di Campo geht die Strasse weiter in Richtung &#8218;Cavoli-Seccheto-Fetovaia&#8216;.<\/p>\n<p>Nach dem Colle di Palombaia erreichen Sie die Costa del Sole und immer entlang der K\u00fcstenstrasse kommen Sie nach nach ungef\u00e4hr 1,5 km nach Cavoli.<\/p>\n<p>Fahren die Strasse hinunter die zum Strand f\u00fchrt und unser Hotel liegt sofort hinter dem Platz mit den Parkpl\u00e4tzen.[\/vc_column_text][\/vc_column][vc_column width=&#8220;1\/2&#8243;][vc_raw_html]JTNDaWZyYW1lJTIwc3JjJTNEJTIyaHR0cHMlM0ElMkYlMkZ3d3cuZ29vZ2xlLmNvbSUyRm1hcHMlMkZlbWJlZCUzRnBiJTNEJTIxMW0xNCUyMTFtOCUyMTFtMyUyMTFkMTExNDY5LjM0NTk2NjE4MDY4JTIxMmQxMC4xNTc5Mjc4OTMzMjgyNDYlMjEzZDQyLjc2MzEyNTA4NTg5MDI0JTIxM20yJTIxMWkxMDI0JTIxMmk3NjglMjE0ZjEzLjElMjEzbTMlMjExbTIlMjExczB4MCUyNTNBMHg1ODJkMjg1YmY2YzRmYjEwJTIxMnNIb3RlbCUyNTIwTGElMjUyMENvbmNoaWdsaWElMjE1ZTAlMjEzbTIlMjExc2l0JTIxMnNpdCUyMTR2MTYyMTk0NjI3NDk0NSUyMTVtMiUyMTFzaXQlMjEyc2l0JTIyJTIwd2lkdGglM0QlMjI2MDAlMjIlMjBoZWlnaHQlM0QlMjI0NTAlMjIlMjBzdHlsZSUzRCUyMmJvcmRlciUzQTAlM0IlMjIlMjBhbGxvd2Z1bGxzY3JlZW4lM0QlMjIlMjIlMjBsb2FkaW5nJTNEJTIybGF6eSUyMiUzRSUzQyUyRmlmcmFtZSUzRQ==[\/vc_raw_html][\/vc_column][\/vc_row]<\/p>\n<\/div>","protected":false},"excerpt":{"rendered":"<p>[vc_row][vc_column width=&#8220;1\/2&#8243;][vc_column_text]Unser Hotel La Conchiglia befindet sich an der s\u00fcd-westlichen Seite der Insel Elba, an der herrlichen K\u00fcste die auch &#8218;Costa del Sole&#8216; genannt wird. Einmal mit der F\u00e4hre in Portoferraio angekommen, folgen Sie einfach der Richtung Procchio und dann Marina di Campo. Ab Marina di Campo geht die Strasse weiter in Richtung &#8218;Cavoli-Seccheto-Fetovaia&#8216;. Nach [&hellip;]<\/p>\n","protected":false},"author":1,"featured_media":0,"parent":0,"menu_order":0,"comment_status":"closed","ping_status":"closed","template":"","meta":{"footnotes":""},"class_list":["post-2503","page","type-page","status-publish","hentry"],"_links":{"self":[{"href":"https:\/\/www.laconchigliacavoli.it\/de\/wp-json\/wp\/v2\/pages\/2503","targetHints":{"allow":["GET"]}}],"collection":[{"href":"https:\/\/www.laconchigliacavoli.it\/de\/wp-json\/wp\/v2\/pages"}],"about":[{"href":"https:\/\/www.laconchigliacavoli.it\/de\/wp-json\/wp\/v2\/types\/page"}],"author":[{"embeddable":true,"href":"https:\/\/www.laconchigliacavoli.it\/de\/wp-json\/wp\/v2\/users\/1"}],"replies":[{"embeddable":true,"href":"https:\/\/www.laconchigliacavoli.it\/de\/wp-json\/wp\/v2\/comments?post=2503"}],"version-history":[{"count":2,"href":"https:\/\/www.laconchigliacavoli.it\/de\/wp-json\/wp\/v2\/pages\/2503\/revisions"}],"predecessor-version":[{"id":2826,"href":"https:\/\/www.laconchigliacavoli.it\/de\/wp-json\/wp\/v2\/pages\/2503\/revisions\/2826"}],"wp:attachment":[{"href":"https:\/\/www.laconchigliacavoli.it\/de\/wp-json\/wp\/v2\/media?parent=2503"}],"curies":[{"name":"wp","href":"https:\/\/api.w.org\/{rel}","templated":true}]}}