{"id":2507,"date":"2018-06-02T22:01:59","date_gmt":"2018-06-02T22:01:59","guid":{"rendered":"http:\/\/www.laconchigliacavoli.it\/spiaggia-di-cavoli\/"},"modified":"2022-02-23T16:34:52","modified_gmt":"2022-02-23T15:34:52","slug":"strand-von-cavoli","status":"publish","type":"page","link":"https:\/\/www.laconchigliacavoli.it\/de\/strand-von-cavoli\/","title":{"rendered":"Strand von Cavoli"},"content":{"rendered":"<div class=\"wpb-content-wrapper\"><p>[vc_row][vc_column width=&#8220;7\/12&#8243;]\t\t\t<div\r\n\t\t\t\tclass=\"main_title  text-left  \">\r\n\t\t\t\t<h2 class=\"title\">Der ber\u00fchmteste Strand auf Elba<\/h2>\r\n\t\t\t\t\t\t\t<\/div>\r\n\t\t[vc_column_text]Der Strand von Cavoli ist einer der ber\u00fchmtesten Str\u00e4nde der Insel Elba f\u00fcr die Transparenz des Wassers, den wunderbaren, feinen Sand und das milde Klima, dass es erlaubt sogar ausser Saison hier sich zu sonnen und zu baden.<\/p>\n<p>Cavoli ist einer der &#8218;klassischen&#8216; und best bekanntesten Str\u00e4nde der Insel. 300 Meter feiner weisser Sandstrand umrahmt von Klippen, in einer gesch\u00fctzten Lage, Str\u00f6mungen nur aus s\u00fcdwestlicher Richtung.<\/p>\n<p>Der Name des Strandes kommt von &#8222;cavili&#8220;: quadratische Granitbl\u00f6cke, die einst hier in den Granitminen abgebaut wurden.<\/p>\n<p>Einfach zu erreichen, der Meeresboden besteht aus weissen Granitsand und aus runden weissen Kieseln in einigen Zonen.[\/vc_column_text][\/vc_column][vc_column width=&#8220;5\/12&#8243;][vc_single_image image=&#8220;1970&#8243; img_size=&#8220;full&#8220;][\/vc_column][\/vc_row][vc_row][vc_column]           \r\n            <div class=\"row\">\r\n\t            <div class=\"image-gallery\">\r\n\r\n                   \r\n                    <!-- GALLERY ITEM -->\r\n                    <div class=\"col-lg-3 col-sm-6\">\r\n                      <figure class=\"gradient-overlay-hover icon-zoom-hover zoom-image-hover\">\r\n                                                <a href=\"https:\/\/www.laconchigliacavoli.it\/wp-content\/uploads\/2019\/03\/cavoli-18.jpg\">\r\n                          <img decoding=\"async\" src=\"https:\/\/www.laconchigliacavoli.it\/wp-content\/uploads\/2019\/03\/cavoli-18.jpg\" class=\"img-responsive\">\r\n                        <\/a>\r\n                                            <\/figure>\r\n                    <\/div>\r\n\r\n                    \r\n                    <!-- GALLERY ITEM -->\r\n                    <div class=\"col-lg-3 col-sm-6\">\r\n                      <figure class=\"gradient-overlay-hover icon-zoom-hover zoom-image-hover\">\r\n                                                <a href=\"https:\/\/www.laconchigliacavoli.it\/wp-content\/uploads\/2019\/03\/cavoli-3.jpg\">\r\n                          <img decoding=\"async\" src=\"https:\/\/www.laconchigliacavoli.it\/wp-content\/uploads\/2019\/03\/cavoli-3.jpg\" class=\"img-responsive\">\r\n                        <\/a>\r\n                                            <\/figure>\r\n                    <\/div>\r\n\r\n                    \r\n                    <!-- GALLERY ITEM -->\r\n                    <div class=\"col-lg-3 col-sm-6\">\r\n                      <figure class=\"gradient-overlay-hover icon-zoom-hover zoom-image-hover\">\r\n                                                <a href=\"https:\/\/www.laconchigliacavoli.it\/wp-content\/uploads\/2019\/03\/cavoli-20.jpg\">\r\n                          <img decoding=\"async\" src=\"https:\/\/www.laconchigliacavoli.it\/wp-content\/uploads\/2019\/03\/cavoli-20.jpg\" class=\"img-responsive\">\r\n                        <\/a>\r\n                                            <\/figure>\r\n                    <\/div>\r\n\r\n                    \r\n                    <!-- GALLERY ITEM -->\r\n                    <div class=\"col-lg-3 col-sm-6\">\r\n                      <figure class=\"gradient-overlay-hover icon-zoom-hover zoom-image-hover\">\r\n                                                <a href=\"https:\/\/www.laconchigliacavoli.it\/wp-content\/uploads\/2019\/03\/DSC_7162.jpg\">\r\n                          <img decoding=\"async\" src=\"https:\/\/www.laconchigliacavoli.it\/wp-content\/uploads\/2019\/03\/DSC_7162.jpg\" class=\"img-responsive\">\r\n                        <\/a>\r\n                                            <\/figure>\r\n                    <\/div>\r\n\r\n                    \r\n\t                \t            <\/div>\r\n            <\/div>\r\n\r\n        [\/vc_column][\/vc_row][vc_row][vc_column][vc_column_text]Auf der linken Seite, entlang der K\u00fcste, liegt die &#8218;Blaue Grotte&#8216; (Grotta Azzurra) die mit einem Tretboot oder kleineren Booten besichtigt werden kann. Sie ist etwa 600 m vom Strand entfernt, und ein Besuch lohnt sich.<\/p>\n<p>Am Hang \u00fcber Cavoli findet man Spuren der Granitbearbeitung, die hier schon zur R\u00f6merzeit und weiter, im Mittelalter, unter der Herrschaft von Pisa, ausge\u00fcbt wurde.<br \/>\nHalb verborgen unter der \u00fcppigen Vegetation kann man noch antike Steinbr\u00fcche, Reste von Granits\u00e4ulen und ein unvollendetes Becken in Form eines alten r\u00f6mischen Schiffs, in Granit gehauen, entdecken. Es soll f\u00fcr die Boboli-G\u00e4rten in Florenz bestimmt gewesen sein.<br \/>\nDiese Sehensw\u00fcrdigkeiten k\u00f6nnen auf gut gehaltenen Wanderwegen zu Fuss oder mit dem Mountainbike besucht werden.<\/p>\n<p>Dienstleistungen: Badeanstalten, Bootsverleih, Bar, Restaurant, Bazar, Zeitungsstand, Zigarettenverkauf, bewachter Parkplatz.<\/p>\n<p>Die Strandeinrichtungen sind vom Hotel unabh\u00e4ngig, gew\u00e4hren aber den Hotelg\u00e4sten 10-15% Rabatt. [\/vc_column_text][\/vc_column][\/vc_row]<\/p>\n<\/div>","protected":false},"excerpt":{"rendered":"<p>[vc_row][vc_column width=&#8220;7\/12&#8243;][vc_column_text]Der Strand von Cavoli ist einer der ber\u00fchmtesten Str\u00e4nde der Insel Elba f\u00fcr die Transparenz des Wassers, den wunderbaren, feinen Sand und das milde Klima, dass es erlaubt sogar ausser Saison hier sich zu sonnen und zu baden. Cavoli ist einer der &#8218;klassischen&#8216; und best bekanntesten Str\u00e4nde der Insel. 300 Meter feiner weisser Sandstrand [&hellip;]<\/p>\n","protected":false},"author":1,"featured_media":0,"parent":0,"menu_order":0,"comment_status":"closed","ping_status":"closed","template":"","meta":{"footnotes":""},"class_list":["post-2507","page","type-page","status-publish","hentry"],"_links":{"self":[{"href":"https:\/\/www.laconchigliacavoli.it\/de\/wp-json\/wp\/v2\/pages\/2507","targetHints":{"allow":["GET"]}}],"collection":[{"href":"https:\/\/www.laconchigliacavoli.it\/de\/wp-json\/wp\/v2\/pages"}],"about":[{"href":"https:\/\/www.laconchigliacavoli.it\/de\/wp-json\/wp\/v2\/types\/page"}],"author":[{"embeddable":true,"href":"https:\/\/www.laconchigliacavoli.it\/de\/wp-json\/wp\/v2\/users\/1"}],"replies":[{"embeddable":true,"href":"https:\/\/www.laconchigliacavoli.it\/de\/wp-json\/wp\/v2\/comments?post=2507"}],"version-history":[{"count":3,"href":"https:\/\/www.laconchigliacavoli.it\/de\/wp-json\/wp\/v2\/pages\/2507\/revisions"}],"predecessor-version":[{"id":2838,"href":"https:\/\/www.laconchigliacavoli.it\/de\/wp-json\/wp\/v2\/pages\/2507\/revisions\/2838"}],"wp:attachment":[{"href":"https:\/\/www.laconchigliacavoli.it\/de\/wp-json\/wp\/v2\/media?parent=2507"}],"curies":[{"name":"wp","href":"https:\/\/api.w.org\/{rel}","templated":true}]}}